 {"id":1142,"date":"2025-04-24T14:06:43","date_gmt":"2025-04-24T12:06:43","guid":{"rendered":"https:\/\/www.lepingalant.com\/?page_id=1142"},"modified":"2026-02-03T14:48:57","modified_gmt":"2026-02-03T13:48:57","slug":"nos-espaces","status":"publish","type":"page","link":"https:\/\/www.lepingalant.com\/congres-seminaires-le-pin-galant\/nos-espaces\/","title":{"rendered":"Nos Espaces"},"content":{"rendered":"","protected":false},"excerpt":{"rendered":"","protected":false},"author":21,"featured_media":0,"parent":856,"menu_order":0,"comment_status":"closed","ping_status":"closed","template":"template-practical-informations.php","meta":[],"yoast_head":"<!-- This site is optimized with the Yoast SEO plugin v20.1 - https:\/\/yoast.com\/wordpress\/plugins\/seo\/ -->\n<title>Nos Espaces - Pin Galant - M\u00e9rignac | Site officiel<\/title>\n<meta name=\"description\" content=\"Nos espaces du Pin\u202fGalant \u00e0 M\u00e9rignac : salles modulables et \u00e9quipements pour congr\u00e8s, s\u00e9minaires, \u00e9v\u00e9nements et r\u00e9unions sur mesure.\" \/>\n<meta name=\"robots\" content=\"index, follow, max-snippet:-1, max-image-preview:large, max-video-preview:-1\" \/>\n<link rel=\"canonical\" href=\"https:\/\/www.lepingalant.com\/congres-seminaires-le-pin-galant\/nos-espaces\/\" \/>\n<meta property=\"og:locale\" content=\"fr_FR\" \/>\n<meta property=\"og:type\" content=\"article\" \/>\n<meta property=\"og:title\" content=\"Nos Espaces - Pin Galant - M\u00e9rignac | Site officiel\" \/>\n<meta property=\"og:description\" content=\"Nos espaces du Pin\u202fGalant \u00e0 M\u00e9rignac : salles modulables et \u00e9quipements pour congr\u00e8s, s\u00e9minaires, \u00e9v\u00e9nements et r\u00e9unions sur mesure.\" \/>\n<meta property=\"og:url\" content=\"https:\/\/www.lepingalant.com\/congres-seminaires-le-pin-galant\/nos-espaces\/\" \/>\n<meta property=\"og:site_name\" content=\"Pin Galant\" \/>\n<meta property=\"article:modified_time\" content=\"2026-02-03T13:48:57+00:00\" \/>\n<meta name=\"twitter:card\" content=\"summary_large_image\" \/>\n<script type=\"application\/ld+json\" class=\"yoast-schema-graph\">{\"@context\":\"https:\/\/schema.org\",\"@graph\":[{\"@type\":\"WebPage\",\"@id\":\"https:\/\/www.lepingalant.com\/congres-seminaires-le-pin-galant\/nos-espaces\/\",\"url\":\"https:\/\/www.lepingalant.com\/congres-seminaires-le-pin-galant\/nos-espaces\/\",\"name\":\"Nos Espaces - Pin Galant - M\u00e9rignac | Site officiel\",\"isPartOf\":{\"@id\":\"https:\/\/www.lepingalant.com\/fr\/#website\"},\"datePublished\":\"2025-04-24T12:06:43+00:00\",\"dateModified\":\"2026-02-03T13:48:57+00:00\",\"description\":\"Nos espaces du Pin\u202fGalant \u00e0 M\u00e9rignac : salles modulables et \u00e9quipements pour congr\u00e8s, s\u00e9minaires, \u00e9v\u00e9nements et r\u00e9unions sur mesure.\",\"breadcrumb\":{\"@id\":\"https:\/\/www.lepingalant.com\/congres-seminaires-le-pin-galant\/nos-espaces\/#breadcrumb\"},\"inLanguage\":\"fr-FR\",\"potentialAction\":[{\"@type\":\"ReadAction\",\"target\":[\"https:\/\/www.lepingalant.com\/congres-seminaires-le-pin-galant\/nos-espaces\/\"]}]},{\"@type\":\"BreadcrumbList\",\"@id\":\"https:\/\/www.lepingalant.com\/congres-seminaires-le-pin-galant\/nos-espaces\/#breadcrumb\",\"itemListElement\":[{\"@type\":\"ListItem\",\"position\":1,\"name\":\"Home\",\"item\":\"https:\/\/www.lepingalant.com\/\"},{\"@type\":\"ListItem\",\"position\":2,\"name\":\"Destination Le Pin Galant\",\"item\":\"https:\/\/www.lepingalant.com\/congres-seminaires-le-pin-galant\/\"},{\"@type\":\"ListItem\",\"position\":3,\"name\":\"Nos Espaces\"}]},{\"@type\":\"WebSite\",\"@id\":\"https:\/\/www.lepingalant.com\/fr\/#website\",\"url\":\"https:\/\/www.lepingalant.com\/fr\/\",\"name\":\"Pin Galant\",\"description\":\"\",\"potentialAction\":[{\"@type\":\"SearchAction\",\"target\":{\"@type\":\"EntryPoint\",\"urlTemplate\":\"https:\/\/www.lepingalant.com\/fr\/?s={search_term_string}\"},\"query-input\":\"required name=search_term_string\"}],\"inLanguage\":\"fr-FR\"}]}<\/script>\n<!-- \/ Yoast SEO plugin. -->","yoast_head_json":{"title":"Nos Espaces - Pin Galant - M\u00e9rignac | Site officiel","description":"Nos espaces du Pin\u202fGalant \u00e0 M\u00e9rignac : salles modulables et \u00e9quipements pour congr\u00e8s, s\u00e9minaires, \u00e9v\u00e9nements et r\u00e9unions sur mesure.","robots":{"index":"index","follow":"follow","max-snippet":"max-snippet:-1","max-image-preview":"max-image-preview:large","max-video-preview":"max-video-preview:-1"},"canonical":"https:\/\/www.lepingalant.com\/congres-seminaires-le-pin-galant\/nos-espaces\/","og_locale":"fr_FR","og_type":"article","og_title":"Nos Espaces - Pin Galant - M\u00e9rignac | Site officiel","og_description":"Nos espaces du Pin\u202fGalant \u00e0 M\u00e9rignac : salles modulables et \u00e9quipements pour congr\u00e8s, s\u00e9minaires, \u00e9v\u00e9nements et r\u00e9unions sur mesure.","og_url":"https:\/\/www.lepingalant.com\/congres-seminaires-le-pin-galant\/nos-espaces\/","og_site_name":"Pin Galant","article_modified_time":"2026-02-03T13:48:57+00:00","twitter_card":"summary_large_image","schema":{"@context":"https:\/\/schema.org","@graph":[{"@type":"WebPage","@id":"https:\/\/www.lepingalant.com\/congres-seminaires-le-pin-galant\/nos-espaces\/","url":"https:\/\/www.lepingalant.com\/congres-seminaires-le-pin-galant\/nos-espaces\/","name":"Nos Espaces - Pin Galant - M\u00e9rignac | Site officiel","isPartOf":{"@id":"https:\/\/www.lepingalant.com\/fr\/#website"},"datePublished":"2025-04-24T12:06:43+00:00","dateModified":"2026-02-03T13:48:57+00:00","description":"Nos espaces du Pin\u202fGalant \u00e0 M\u00e9rignac : salles modulables et \u00e9quipements pour congr\u00e8s, s\u00e9minaires, \u00e9v\u00e9nements et r\u00e9unions sur mesure.","breadcrumb":{"@id":"https:\/\/www.lepingalant.com\/congres-seminaires-le-pin-galant\/nos-espaces\/#breadcrumb"},"inLanguage":"fr-FR","potentialAction":[{"@type":"ReadAction","target":["https:\/\/www.lepingalant.com\/congres-seminaires-le-pin-galant\/nos-espaces\/"]}]},{"@type":"BreadcrumbList","@id":"https:\/\/www.lepingalant.com\/congres-seminaires-le-pin-galant\/nos-espaces\/#breadcrumb","itemListElement":[{"@type":"ListItem","position":1,"name":"Home","item":"https:\/\/www.lepingalant.com\/"},{"@type":"ListItem","position":2,"name":"Destination Le Pin Galant","item":"https:\/\/www.lepingalant.com\/congres-seminaires-le-pin-galant\/"},{"@type":"ListItem","position":3,"name":"Nos Espaces"}]},{"@type":"WebSite","@id":"https:\/\/www.lepingalant.com\/fr\/#website","url":"https:\/\/www.lepingalant.com\/fr\/","name":"Pin Galant","description":"","potentialAction":[{"@type":"SearchAction","target":{"@type":"EntryPoint","urlTemplate":"https:\/\/www.lepingalant.com\/fr\/?s={search_term_string}"},"query-input":"required name=search_term_string"}],"inLanguage":"fr-FR"}]}},"_links":{"self":[{"href":"https:\/\/www.lepingalant.com\/fr\/wp-json\/wp\/v2\/pages\/1142"}],"collection":[{"href":"https:\/\/www.lepingalant.com\/fr\/wp-json\/wp\/v2\/pages"}],"about":[{"href":"https:\/\/www.lepingalant.com\/fr\/wp-json\/wp\/v2\/types\/page"}],"author":[{"embeddable":true,"href":"https:\/\/www.lepingalant.com\/fr\/wp-json\/wp\/v2\/users\/21"}],"replies":[{"embeddable":true,"href":"https:\/\/www.lepingalant.com\/fr\/wp-json\/wp\/v2\/comments?post=1142"}],"version-history":[{"count":12,"href":"https:\/\/www.lepingalant.com\/fr\/wp-json\/wp\/v2\/pages\/1142\/revisions"}],"predecessor-version":[{"id":1476,"href":"https:\/\/www.lepingalant.com\/fr\/wp-json\/wp\/v2\/pages\/1142\/revisions\/1476"}],"up":[{"embeddable":true,"href":"https:\/\/www.lepingalant.com\/fr\/wp-json\/wp\/v2\/pages\/856"}],"wp:attachment":[{"href":"https:\/\/www.lepingalant.com\/fr\/wp-json\/wp\/v2\/media?parent=1142"}],"curies":[{"name":"wp","href":"https:\/\/api.w.org\/{rel}","templated":true}]}}