 {"id":1196,"date":"2025-04-25T10:52:08","date_gmt":"2025-04-25T08:52:08","guid":{"rendered":"https:\/\/www.lepingalant.com\/?page_id=1196"},"modified":"2026-02-02T12:25:59","modified_gmt":"2026-02-02T11:25:59","slug":"contact-pro","status":"publish","type":"page","link":"https:\/\/www.lepingalant.com\/congres-seminaires-le-pin-galant\/contact-pro\/","title":{"rendered":"Contact pro"},"content":{"rendered":"","protected":false},"excerpt":{"rendered":"","protected":false},"author":21,"featured_media":0,"parent":856,"menu_order":0,"comment_status":"closed","ping_status":"closed","template":"template-contact.php","meta":[],"yoast_head":"<!-- This site is optimized with the Yoast SEO plugin v20.1 - https:\/\/yoast.com\/wordpress\/plugins\/seo\/ -->\n<title>Le Pin Galant - Espace Congr\u00e8s - Contact Pro | Site officiel<\/title>\n<meta name=\"description\" content=\"Contactez-nous pour vos projets s\u00e9minaires &amp; congr\u00e8s au Pin Galant \u00e0 M\u00e9rignac ! Notre \u00e9quipe est \u00e0 votre \u00e9coute !\" \/>\n<meta name=\"robots\" content=\"index, follow, max-snippet:-1, max-image-preview:large, max-video-preview:-1\" \/>\n<link rel=\"canonical\" href=\"https:\/\/www.lepingalant.com\/congres-seminaires-le-pin-galant\/contact-pro\/\" \/>\n<meta property=\"og:locale\" content=\"fr_FR\" \/>\n<meta property=\"og:type\" content=\"article\" \/>\n<meta property=\"og:title\" content=\"Le Pin Galant - Espace Congr\u00e8s - Contact Pro | Site officiel\" \/>\n<meta property=\"og:description\" content=\"Contactez-nous pour vos projets s\u00e9minaires &amp; congr\u00e8s au Pin Galant \u00e0 M\u00e9rignac ! Notre \u00e9quipe est \u00e0 votre \u00e9coute !\" \/>\n<meta property=\"og:url\" content=\"https:\/\/www.lepingalant.com\/congres-seminaires-le-pin-galant\/contact-pro\/\" \/>\n<meta property=\"og:site_name\" content=\"Pin Galant\" \/>\n<meta property=\"article:modified_time\" content=\"2026-02-02T11:25:59+00:00\" \/>\n<meta name=\"twitter:card\" content=\"summary_large_image\" \/>\n<script type=\"application\/ld+json\" class=\"yoast-schema-graph\">{\"@context\":\"https:\/\/schema.org\",\"@graph\":[{\"@type\":\"WebPage\",\"@id\":\"https:\/\/www.lepingalant.com\/congres-seminaires-le-pin-galant\/contact-pro\/\",\"url\":\"https:\/\/www.lepingalant.com\/congres-seminaires-le-pin-galant\/contact-pro\/\",\"name\":\"Le Pin Galant - Espace Congr\u00e8s - Contact Pro | Site officiel\",\"isPartOf\":{\"@id\":\"https:\/\/www.lepingalant.com\/fr\/#website\"},\"datePublished\":\"2025-04-25T08:52:08+00:00\",\"dateModified\":\"2026-02-02T11:25:59+00:00\",\"description\":\"Contactez-nous pour vos projets s\u00e9minaires & congr\u00e8s au Pin Galant \u00e0 M\u00e9rignac ! Notre \u00e9quipe est \u00e0 votre \u00e9coute !\",\"breadcrumb\":{\"@id\":\"https:\/\/www.lepingalant.com\/congres-seminaires-le-pin-galant\/contact-pro\/#breadcrumb\"},\"inLanguage\":\"fr-FR\",\"potentialAction\":[{\"@type\":\"ReadAction\",\"target\":[\"https:\/\/www.lepingalant.com\/congres-seminaires-le-pin-galant\/contact-pro\/\"]}]},{\"@type\":\"BreadcrumbList\",\"@id\":\"https:\/\/www.lepingalant.com\/congres-seminaires-le-pin-galant\/contact-pro\/#breadcrumb\",\"itemListElement\":[{\"@type\":\"ListItem\",\"position\":1,\"name\":\"Home\",\"item\":\"https:\/\/www.lepingalant.com\/\"},{\"@type\":\"ListItem\",\"position\":2,\"name\":\"Destination Le Pin Galant\",\"item\":\"https:\/\/www.lepingalant.com\/congres-seminaires-le-pin-galant\/\"},{\"@type\":\"ListItem\",\"position\":3,\"name\":\"Contact pro\"}]},{\"@type\":\"WebSite\",\"@id\":\"https:\/\/www.lepingalant.com\/fr\/#website\",\"url\":\"https:\/\/www.lepingalant.com\/fr\/\",\"name\":\"Pin Galant\",\"description\":\"\",\"potentialAction\":[{\"@type\":\"SearchAction\",\"target\":{\"@type\":\"EntryPoint\",\"urlTemplate\":\"https:\/\/www.lepingalant.com\/fr\/?s={search_term_string}\"},\"query-input\":\"required name=search_term_string\"}],\"inLanguage\":\"fr-FR\"}]}<\/script>\n<!-- \/ Yoast SEO plugin. -->","yoast_head_json":{"title":"Le Pin Galant - Espace Congr\u00e8s - Contact Pro | Site officiel","description":"Contactez-nous pour vos projets s\u00e9minaires & congr\u00e8s au Pin Galant \u00e0 M\u00e9rignac ! Notre \u00e9quipe est \u00e0 votre \u00e9coute !","robots":{"index":"index","follow":"follow","max-snippet":"max-snippet:-1","max-image-preview":"max-image-preview:large","max-video-preview":"max-video-preview:-1"},"canonical":"https:\/\/www.lepingalant.com\/congres-seminaires-le-pin-galant\/contact-pro\/","og_locale":"fr_FR","og_type":"article","og_title":"Le Pin Galant - Espace Congr\u00e8s - Contact Pro | Site officiel","og_description":"Contactez-nous pour vos projets s\u00e9minaires & congr\u00e8s au Pin Galant \u00e0 M\u00e9rignac ! Notre \u00e9quipe est \u00e0 votre \u00e9coute !","og_url":"https:\/\/www.lepingalant.com\/congres-seminaires-le-pin-galant\/contact-pro\/","og_site_name":"Pin Galant","article_modified_time":"2026-02-02T11:25:59+00:00","twitter_card":"summary_large_image","schema":{"@context":"https:\/\/schema.org","@graph":[{"@type":"WebPage","@id":"https:\/\/www.lepingalant.com\/congres-seminaires-le-pin-galant\/contact-pro\/","url":"https:\/\/www.lepingalant.com\/congres-seminaires-le-pin-galant\/contact-pro\/","name":"Le Pin Galant - Espace Congr\u00e8s - Contact Pro | Site officiel","isPartOf":{"@id":"https:\/\/www.lepingalant.com\/fr\/#website"},"datePublished":"2025-04-25T08:52:08+00:00","dateModified":"2026-02-02T11:25:59+00:00","description":"Contactez-nous pour vos projets s\u00e9minaires & congr\u00e8s au Pin Galant \u00e0 M\u00e9rignac ! Notre \u00e9quipe est \u00e0 votre \u00e9coute !","breadcrumb":{"@id":"https:\/\/www.lepingalant.com\/congres-seminaires-le-pin-galant\/contact-pro\/#breadcrumb"},"inLanguage":"fr-FR","potentialAction":[{"@type":"ReadAction","target":["https:\/\/www.lepingalant.com\/congres-seminaires-le-pin-galant\/contact-pro\/"]}]},{"@type":"BreadcrumbList","@id":"https:\/\/www.lepingalant.com\/congres-seminaires-le-pin-galant\/contact-pro\/#breadcrumb","itemListElement":[{"@type":"ListItem","position":1,"name":"Home","item":"https:\/\/www.lepingalant.com\/"},{"@type":"ListItem","position":2,"name":"Destination Le Pin Galant","item":"https:\/\/www.lepingalant.com\/congres-seminaires-le-pin-galant\/"},{"@type":"ListItem","position":3,"name":"Contact pro"}]},{"@type":"WebSite","@id":"https:\/\/www.lepingalant.com\/fr\/#website","url":"https:\/\/www.lepingalant.com\/fr\/","name":"Pin Galant","description":"","potentialAction":[{"@type":"SearchAction","target":{"@type":"EntryPoint","urlTemplate":"https:\/\/www.lepingalant.com\/fr\/?s={search_term_string}"},"query-input":"required name=search_term_string"}],"inLanguage":"fr-FR"}]}},"_links":{"self":[{"href":"https:\/\/www.lepingalant.com\/fr\/wp-json\/wp\/v2\/pages\/1196"}],"collection":[{"href":"https:\/\/www.lepingalant.com\/fr\/wp-json\/wp\/v2\/pages"}],"about":[{"href":"https:\/\/www.lepingalant.com\/fr\/wp-json\/wp\/v2\/types\/page"}],"author":[{"embeddable":true,"href":"https:\/\/www.lepingalant.com\/fr\/wp-json\/wp\/v2\/users\/21"}],"replies":[{"embeddable":true,"href":"https:\/\/www.lepingalant.com\/fr\/wp-json\/wp\/v2\/comments?post=1196"}],"version-history":[{"count":5,"href":"https:\/\/www.lepingalant.com\/fr\/wp-json\/wp\/v2\/pages\/1196\/revisions"}],"predecessor-version":[{"id":2285,"href":"https:\/\/www.lepingalant.com\/fr\/wp-json\/wp\/v2\/pages\/1196\/revisions\/2285"}],"up":[{"embeddable":true,"href":"https:\/\/www.lepingalant.com\/fr\/wp-json\/wp\/v2\/pages\/856"}],"wp:attachment":[{"href":"https:\/\/www.lepingalant.com\/fr\/wp-json\/wp\/v2\/media?parent=1196"}],"curies":[{"name":"wp","href":"https:\/\/api.w.org\/{rel}","templated":true}]}}