 {"id":1247,"date":"2025-04-24T13:43:17","date_gmt":"2025-04-24T11:43:17","guid":{"rendered":"https:\/\/www.lepingalant.com\/?page_id=1247"},"modified":"2026-02-03T14:46:03","modified_gmt":"2026-02-03T13:46:03","slug":"comment-acceder-au-pin-galant","status":"publish","type":"page","link":"https:\/\/www.lepingalant.com\/congres-seminaires-le-pin-galant\/infos-pratiques-2\/comment-acceder-au-pin-galant\/","title":{"rendered":"Comment acc\u00e9der au Pin Galant ?"},"content":{"rendered":"","protected":false},"excerpt":{"rendered":"","protected":false},"author":21,"featured_media":0,"parent":1226,"menu_order":0,"comment_status":"closed","ping_status":"closed","template":"","meta":[],"yoast_head":"<!-- This site is optimized with the Yoast SEO plugin v20.1 - https:\/\/yoast.com\/wordpress\/plugins\/seo\/ -->\n<title>Comment acc\u00e9der au Pin Galant - Pin Galant | Site officiel<\/title>\n<meta name=\"description\" content=\"Acc\u00e8s au Pin Galant : itin\u00e9raires en voiture, tram (ligne A \u2013 arr\u00eat Pin Galant) et parkings gratuits pour vos spectacles et \u00e9v\u00e9nements.\" \/>\n<meta name=\"robots\" content=\"index, follow, max-snippet:-1, max-image-preview:large, max-video-preview:-1\" \/>\n<link rel=\"canonical\" href=\"https:\/\/www.lepingalant.com\/congres-seminaires-le-pin-galant\/infos-pratiques-2\/comment-acceder-au-pin-galant\/\" \/>\n<meta property=\"og:locale\" content=\"fr_FR\" \/>\n<meta property=\"og:type\" content=\"article\" \/>\n<meta property=\"og:title\" content=\"Comment acc\u00e9der au Pin Galant - Pin Galant | Site officiel\" \/>\n<meta property=\"og:description\" content=\"Acc\u00e8s au Pin Galant : itin\u00e9raires en voiture, tram (ligne A \u2013 arr\u00eat Pin Galant) et parkings gratuits pour vos spectacles et \u00e9v\u00e9nements.\" \/>\n<meta property=\"og:url\" content=\"https:\/\/www.lepingalant.com\/congres-seminaires-le-pin-galant\/infos-pratiques-2\/comment-acceder-au-pin-galant\/\" \/>\n<meta property=\"og:site_name\" content=\"Pin Galant\" \/>\n<meta property=\"article:modified_time\" content=\"2026-02-03T13:46:03+00:00\" \/>\n<meta name=\"twitter:card\" content=\"summary_large_image\" \/>\n<script type=\"application\/ld+json\" class=\"yoast-schema-graph\">{\"@context\":\"https:\/\/schema.org\",\"@graph\":[{\"@type\":\"WebPage\",\"@id\":\"https:\/\/www.lepingalant.com\/congres-seminaires-le-pin-galant\/infos-pratiques-2\/comment-acceder-au-pin-galant\/\",\"url\":\"https:\/\/www.lepingalant.com\/congres-seminaires-le-pin-galant\/infos-pratiques-2\/comment-acceder-au-pin-galant\/\",\"name\":\"Comment acc\u00e9der au Pin Galant - Pin Galant | Site officiel\",\"isPartOf\":{\"@id\":\"https:\/\/www.lepingalant.com\/fr\/#website\"},\"datePublished\":\"2025-04-24T11:43:17+00:00\",\"dateModified\":\"2026-02-03T13:46:03+00:00\",\"description\":\"Acc\u00e8s au Pin Galant : itin\u00e9raires en voiture, tram (ligne A \u2013 arr\u00eat Pin Galant) et parkings gratuits pour vos spectacles et \u00e9v\u00e9nements.\",\"breadcrumb\":{\"@id\":\"https:\/\/www.lepingalant.com\/congres-seminaires-le-pin-galant\/infos-pratiques-2\/comment-acceder-au-pin-galant\/#breadcrumb\"},\"inLanguage\":\"fr-FR\",\"potentialAction\":[{\"@type\":\"ReadAction\",\"target\":[\"https:\/\/www.lepingalant.com\/congres-seminaires-le-pin-galant\/infos-pratiques-2\/comment-acceder-au-pin-galant\/\"]}]},{\"@type\":\"BreadcrumbList\",\"@id\":\"https:\/\/www.lepingalant.com\/congres-seminaires-le-pin-galant\/infos-pratiques-2\/comment-acceder-au-pin-galant\/#breadcrumb\",\"itemListElement\":[{\"@type\":\"ListItem\",\"position\":1,\"name\":\"Home\",\"item\":\"https:\/\/www.lepingalant.com\/\"},{\"@type\":\"ListItem\",\"position\":2,\"name\":\"Destination Le Pin Galant\",\"item\":\"https:\/\/www.lepingalant.com\/congres-seminaires-le-pin-galant\/\"},{\"@type\":\"ListItem\",\"position\":3,\"name\":\"Infos pratiques\",\"item\":\"https:\/\/www.lepingalant.com\/congres-seminaires-le-pin-galant\/infos-pratiques-2\/\"},{\"@type\":\"ListItem\",\"position\":4,\"name\":\"Comment acc\u00e9der au Pin Galant ?\"}]},{\"@type\":\"WebSite\",\"@id\":\"https:\/\/www.lepingalant.com\/fr\/#website\",\"url\":\"https:\/\/www.lepingalant.com\/fr\/\",\"name\":\"Pin Galant\",\"description\":\"\",\"potentialAction\":[{\"@type\":\"SearchAction\",\"target\":{\"@type\":\"EntryPoint\",\"urlTemplate\":\"https:\/\/www.lepingalant.com\/fr\/?s={search_term_string}\"},\"query-input\":\"required name=search_term_string\"}],\"inLanguage\":\"fr-FR\"}]}<\/script>\n<!-- \/ Yoast SEO plugin. -->","yoast_head_json":{"title":"Comment acc\u00e9der au Pin Galant - Pin Galant | Site officiel","description":"Acc\u00e8s au Pin Galant : itin\u00e9raires en voiture, tram (ligne A \u2013 arr\u00eat Pin Galant) et parkings gratuits pour vos spectacles et \u00e9v\u00e9nements.","robots":{"index":"index","follow":"follow","max-snippet":"max-snippet:-1","max-image-preview":"max-image-preview:large","max-video-preview":"max-video-preview:-1"},"canonical":"https:\/\/www.lepingalant.com\/congres-seminaires-le-pin-galant\/infos-pratiques-2\/comment-acceder-au-pin-galant\/","og_locale":"fr_FR","og_type":"article","og_title":"Comment acc\u00e9der au Pin Galant - Pin Galant | Site officiel","og_description":"Acc\u00e8s au Pin Galant : itin\u00e9raires en voiture, tram (ligne A \u2013 arr\u00eat Pin Galant) et parkings gratuits pour vos spectacles et \u00e9v\u00e9nements.","og_url":"https:\/\/www.lepingalant.com\/congres-seminaires-le-pin-galant\/infos-pratiques-2\/comment-acceder-au-pin-galant\/","og_site_name":"Pin Galant","article_modified_time":"2026-02-03T13:46:03+00:00","twitter_card":"summary_large_image","schema":{"@context":"https:\/\/schema.org","@graph":[{"@type":"WebPage","@id":"https:\/\/www.lepingalant.com\/congres-seminaires-le-pin-galant\/infos-pratiques-2\/comment-acceder-au-pin-galant\/","url":"https:\/\/www.lepingalant.com\/congres-seminaires-le-pin-galant\/infos-pratiques-2\/comment-acceder-au-pin-galant\/","name":"Comment acc\u00e9der au Pin Galant - Pin Galant | Site officiel","isPartOf":{"@id":"https:\/\/www.lepingalant.com\/fr\/#website"},"datePublished":"2025-04-24T11:43:17+00:00","dateModified":"2026-02-03T13:46:03+00:00","description":"Acc\u00e8s au Pin Galant : itin\u00e9raires en voiture, tram (ligne A \u2013 arr\u00eat Pin Galant) et parkings gratuits pour vos spectacles et \u00e9v\u00e9nements.","breadcrumb":{"@id":"https:\/\/www.lepingalant.com\/congres-seminaires-le-pin-galant\/infos-pratiques-2\/comment-acceder-au-pin-galant\/#breadcrumb"},"inLanguage":"fr-FR","potentialAction":[{"@type":"ReadAction","target":["https:\/\/www.lepingalant.com\/congres-seminaires-le-pin-galant\/infos-pratiques-2\/comment-acceder-au-pin-galant\/"]}]},{"@type":"BreadcrumbList","@id":"https:\/\/www.lepingalant.com\/congres-seminaires-le-pin-galant\/infos-pratiques-2\/comment-acceder-au-pin-galant\/#breadcrumb","itemListElement":[{"@type":"ListItem","position":1,"name":"Home","item":"https:\/\/www.lepingalant.com\/"},{"@type":"ListItem","position":2,"name":"Destination Le Pin Galant","item":"https:\/\/www.lepingalant.com\/congres-seminaires-le-pin-galant\/"},{"@type":"ListItem","position":3,"name":"Infos pratiques","item":"https:\/\/www.lepingalant.com\/congres-seminaires-le-pin-galant\/infos-pratiques-2\/"},{"@type":"ListItem","position":4,"name":"Comment acc\u00e9der au Pin Galant ?"}]},{"@type":"WebSite","@id":"https:\/\/www.lepingalant.com\/fr\/#website","url":"https:\/\/www.lepingalant.com\/fr\/","name":"Pin Galant","description":"","potentialAction":[{"@type":"SearchAction","target":{"@type":"EntryPoint","urlTemplate":"https:\/\/www.lepingalant.com\/fr\/?s={search_term_string}"},"query-input":"required name=search_term_string"}],"inLanguage":"fr-FR"}]}},"_links":{"self":[{"href":"https:\/\/www.lepingalant.com\/fr\/wp-json\/wp\/v2\/pages\/1247"}],"collection":[{"href":"https:\/\/www.lepingalant.com\/fr\/wp-json\/wp\/v2\/pages"}],"about":[{"href":"https:\/\/www.lepingalant.com\/fr\/wp-json\/wp\/v2\/types\/page"}],"author":[{"embeddable":true,"href":"https:\/\/www.lepingalant.com\/fr\/wp-json\/wp\/v2\/users\/21"}],"replies":[{"embeddable":true,"href":"https:\/\/www.lepingalant.com\/fr\/wp-json\/wp\/v2\/comments?post=1247"}],"version-history":[{"count":13,"href":"https:\/\/www.lepingalant.com\/fr\/wp-json\/wp\/v2\/pages\/1247\/revisions"}],"predecessor-version":[{"id":2166,"href":"https:\/\/www.lepingalant.com\/fr\/wp-json\/wp\/v2\/pages\/1247\/revisions\/2166"}],"up":[{"embeddable":true,"href":"https:\/\/www.lepingalant.com\/fr\/wp-json\/wp\/v2\/pages\/1226"}],"wp:attachment":[{"href":"https:\/\/www.lepingalant.com\/fr\/wp-json\/wp\/v2\/media?parent=1247"}],"curies":[{"name":"wp","href":"https:\/\/api.w.org\/{rel}","templated":true}]}}